{"id":1234,"date":"2011-10-16T13:26:58","date_gmt":"2011-10-16T13:26:58","guid":{"rendered":"http:\/\/puiduait.ee\/?page_id=1234"},"modified":"2025-09-11T13:07:19","modified_gmt":"2025-09-11T13:07:19","slug":"puidust-majapidamisnoud","status":"publish","type":"page","link":"https:\/\/puiduait.ee\/fi\/puidust-majapidamisnoud\/","title":{"rendered":"(Eesti) Puidust majapidamisn\u00f5ud"},"content":{"rendered":"<p class=\"qtranxs-available-languages-message qtranxs-available-languages-message-fi\">Anteeksi, mutta t\u00e4m\u00e4 kirjoitus on saatavana ainoastaan n\u00e4ill\u00e4 kielill\u00e4: <a href=\"https:\/\/puiduait.ee\/ET\/wp-json\/wp\/v2\/pages\/1234\" class=\"qtranxs-available-language-link qtranxs-available-language-link-ET\" title=\"Eesti\">Eesti<\/a>.<\/p>","protected":false},"excerpt":{"rendered":"<p>Anteeksi, mutta t\u00e4m\u00e4 kirjoitus on saatavana ainoastaan n\u00e4ill\u00e4 kielill\u00e4: Eesti.<\/p>\n","protected":false},"author":3,"featured_media":0,"parent":0,"menu_order":0,"comment_status":"open","ping_status":"open","template":"","meta":{"om_disable_all_campaigns":false,"_monsterinsights_skip_tracking":false,"_monsterinsights_sitenote_active":false,"_monsterinsights_sitenote_note":"","_monsterinsights_sitenote_category":0,"ngg_post_thumbnail":0,"footnotes":""},"class_list":["post-1234","page","type-page","status-publish","hentry"],"aioseo_notices":[],"_links":{"self":[{"href":"https:\/\/puiduait.ee\/fi\/wp-json\/wp\/v2\/pages\/1234","targetHints":{"allow":["GET"]}}],"collection":[{"href":"https:\/\/puiduait.ee\/fi\/wp-json\/wp\/v2\/pages"}],"about":[{"href":"https:\/\/puiduait.ee\/fi\/wp-json\/wp\/v2\/types\/page"}],"author":[{"embeddable":true,"href":"https:\/\/puiduait.ee\/fi\/wp-json\/wp\/v2\/users\/3"}],"replies":[{"embeddable":true,"href":"https:\/\/puiduait.ee\/fi\/wp-json\/wp\/v2\/comments?post=1234"}],"version-history":[{"count":24,"href":"https:\/\/puiduait.ee\/fi\/wp-json\/wp\/v2\/pages\/1234\/revisions"}],"predecessor-version":[{"id":6366,"href":"https:\/\/puiduait.ee\/fi\/wp-json\/wp\/v2\/pages\/1234\/revisions\/6366"}],"wp:attachment":[{"href":"https:\/\/puiduait.ee\/fi\/wp-json\/wp\/v2\/media?parent=1234"}],"curies":[{"name":"wp","href":"https:\/\/api.w.org\/{rel}","templated":true}]}}