{"id":1241,"date":"2011-10-16T15:16:01","date_gmt":"2011-10-16T15:16:01","guid":{"rendered":"http:\/\/puiduait.ee\/?page_id=1241"},"modified":"2019-02-27T13:35:29","modified_gmt":"2019-02-27T13:35:29","slug":"puidust-moobel","status":"publish","type":"page","link":"https:\/\/puiduait.ee\/fi\/puidust-moobel\/","title":{"rendered":"(Eesti) Puidust m\u00f6\u00f6bel"},"content":{"rendered":"<p class=\"qtranxs-available-languages-message qtranxs-available-languages-message-fi\">Anteeksi, mutta t\u00e4m\u00e4 kirjoitus on saatavana ainoastaan n\u00e4ill\u00e4 kielill\u00e4: <a href=\"https:\/\/puiduait.ee\/ET\/wp-json\/wp\/v2\/pages\/1241\" class=\"qtranxs-available-language-link qtranxs-available-language-link-ET\" title=\"Eesti\">Eesti<\/a>.<\/p>","protected":false},"excerpt":{"rendered":"<p>Anteeksi, mutta t\u00e4m\u00e4 kirjoitus on saatavana ainoastaan n\u00e4ill\u00e4 kielill\u00e4: Eesti.<\/p>\n","protected":false},"author":3,"featured_media":0,"parent":0,"menu_order":0,"comment_status":"open","ping_status":"open","template":"","meta":{"om_disable_all_campaigns":false,"_monsterinsights_skip_tracking":false,"_monsterinsights_sitenote_active":false,"_monsterinsights_sitenote_note":"","_monsterinsights_sitenote_category":0,"ngg_post_thumbnail":0,"footnotes":""},"class_list":["post-1241","page","type-page","status-publish","hentry"],"aioseo_notices":[],"_links":{"self":[{"href":"https:\/\/puiduait.ee\/fi\/wp-json\/wp\/v2\/pages\/1241","targetHints":{"allow":["GET"]}}],"collection":[{"href":"https:\/\/puiduait.ee\/fi\/wp-json\/wp\/v2\/pages"}],"about":[{"href":"https:\/\/puiduait.ee\/fi\/wp-json\/wp\/v2\/types\/page"}],"author":[{"embeddable":true,"href":"https:\/\/puiduait.ee\/fi\/wp-json\/wp\/v2\/users\/3"}],"replies":[{"embeddable":true,"href":"https:\/\/puiduait.ee\/fi\/wp-json\/wp\/v2\/comments?post=1241"}],"version-history":[{"count":10,"href":"https:\/\/puiduait.ee\/fi\/wp-json\/wp\/v2\/pages\/1241\/revisions"}],"predecessor-version":[{"id":4114,"href":"https:\/\/puiduait.ee\/fi\/wp-json\/wp\/v2\/pages\/1241\/revisions\/4114"}],"wp:attachment":[{"href":"https:\/\/puiduait.ee\/fi\/wp-json\/wp\/v2\/media?parent=1241"}],"curies":[{"name":"wp","href":"https:\/\/api.w.org\/{rel}","templated":true}]}}