{"id":1525,"date":"2012-01-20T07:41:38","date_gmt":"2012-01-20T07:41:38","guid":{"rendered":"http:\/\/puiduait.ee\/?page_id=1525"},"modified":"2019-04-23T10:36:08","modified_gmt":"2019-04-23T10:36:08","slug":"avinurme-tunnilaat","status":"publish","type":"page","link":"https:\/\/puiduait.ee\/fi\/avinurme-tunnilaat\/","title":{"rendered":"Avinurmen tynnyrimessut"},"content":{"rendered":"<p><strong>23.06.2019<\/strong><\/p>\n<p><img decoding=\"async\" class=\"alignnone size-large wp-image-4184\" src=\"https:\/\/puiduait.ee\/wp-content\/uploads\/2019\/04\/plakat2019_fb-731x1024.jpg\" alt=\"\" width=\"731\" height=\"1024\" srcset=\"https:\/\/puiduait.ee\/wp-content\/uploads\/2019\/04\/plakat2019_fb-200x280.jpg 200w, https:\/\/puiduait.ee\/wp-content\/uploads\/2019\/04\/plakat2019_fb-214x300.jpg 214w, https:\/\/puiduait.ee\/wp-content\/uploads\/2019\/04\/plakat2019_fb-400x560.jpg 400w, https:\/\/puiduait.ee\/wp-content\/uploads\/2019\/04\/plakat2019_fb-600x840.jpg 600w, https:\/\/puiduait.ee\/wp-content\/uploads\/2019\/04\/plakat2019_fb-731x1024.jpg 731w, https:\/\/puiduait.ee\/wp-content\/uploads\/2019\/04\/plakat2019_fb-768x1076.jpg 768w, https:\/\/puiduait.ee\/wp-content\/uploads\/2019\/04\/plakat2019_fb-800x1121.jpg 800w, https:\/\/puiduait.ee\/wp-content\/uploads\/2019\/04\/plakat2019_fb-1200x1681.jpg 1200w\" sizes=\"(max-width: 731px) 100vw, 731px\" \/><\/p>\n<p>&nbsp;<\/p>\n<p>Avinurmen puutuotanto on aina perinteellisesti myyty messuilla. Sen perinteen s\u00e4ilytt\u00e4miseksi ett\u00e4 Avinurmen tiedostamisen hyv\u00e4ksi puutuotanton keskuksena j\u00e4rjestet\u00e4\u00e4n joka vuosi 2000 vuodesta alkaen juhannusp\u00e4iv\u00e4n\u00e4n Avinurmen tynnyrimessuja.<\/p>\nngg_shortcode_3_placeholder\n<p>&nbsp;<\/p>\n<p>Nykyhetkeksi on Avinurmen tynnyrimessut kasvanut Eestin isoimmiksi ja arvostetuksi k\u00e4sity\u00f6messuiksi. Paikallisien k\u00e4sity\u00f6laisien lis\u00e4ksi matkustaa joka vuosi Avinurmen messuille myym\u00e4\u00e4n k\u00e4sity\u00f6tuotantoa kauppiaat joka puolelta Eestia.<\/p>\n<p>Messup\u00e4iv\u00e4ll\u00e4 vierailee Avinurmessa tuhansia vieraita, joka ovat tulleet tutustumaan laajan valikoinman kanssa k\u00e4sity\u00f6t\u00e4 ett\u00e4 kotitarhan vihanneksia sek\u00e4 nauttimaan kultuuriohjelmasta, mik\u00e4 v\u00e4ltt\u00e4\u00e4 koko p\u00e4iv\u00e4n.&nbsp; Perinteellisesti p\u00e4iv\u00e4n lopuksi esintyy paikallinen kes\u00e4teatteri ja sytytet\u00e4\u00e4n juhannustakka, mink\u00e4 j\u00e4lkeen on mahdollisuus juhlia ja tanssia yhdess\u00e4.<\/p>\n<p><a href=\"http:\/\/avinurme.ee\/?s=210\" target=\"_blank\" rel=\"noopener\">Messujen kotisivu<\/a><\/p>\n<p>&nbsp;<\/p>","protected":false},"excerpt":{"rendered":"<p>23.06.2019 &nbsp; Avinurmen puutuotanto on aina perinteellisesti myyty messuilla. Sen  [&#8230;]<\/p>\n","protected":false},"author":3,"featured_media":0,"parent":0,"menu_order":0,"comment_status":"open","ping_status":"open","template":"","meta":{"om_disable_all_campaigns":false,"_monsterinsights_skip_tracking":false,"_monsterinsights_sitenote_active":false,"_monsterinsights_sitenote_note":"","_monsterinsights_sitenote_category":0,"ngg_post_thumbnail":0,"footnotes":""},"class_list":["post-1525","page","type-page","status-publish","hentry"],"aioseo_notices":[],"_links":{"self":[{"href":"https:\/\/puiduait.ee\/fi\/wp-json\/wp\/v2\/pages\/1525","targetHints":{"allow":["GET"]}}],"collection":[{"href":"https:\/\/puiduait.ee\/fi\/wp-json\/wp\/v2\/pages"}],"about":[{"href":"https:\/\/puiduait.ee\/fi\/wp-json\/wp\/v2\/types\/page"}],"author":[{"embeddable":true,"href":"https:\/\/puiduait.ee\/fi\/wp-json\/wp\/v2\/users\/3"}],"replies":[{"embeddable":true,"href":"https:\/\/puiduait.ee\/fi\/wp-json\/wp\/v2\/comments?post=1525"}],"version-history":[{"count":47,"href":"https:\/\/puiduait.ee\/fi\/wp-json\/wp\/v2\/pages\/1525\/revisions"}],"predecessor-version":[{"id":4210,"href":"https:\/\/puiduait.ee\/fi\/wp-json\/wp\/v2\/pages\/1525\/revisions\/4210"}],"wp:attachment":[{"href":"https:\/\/puiduait.ee\/fi\/wp-json\/wp\/v2\/media?parent=1525"}],"curies":[{"name":"wp","href":"https:\/\/api.w.org\/{rel}","templated":true}]}}