{"id":1847,"date":"2012-03-15T09:46:06","date_gmt":"2012-03-15T09:46:06","guid":{"rendered":"http:\/\/puiduait.ee\/?page_id=1847"},"modified":"2012-03-22T06:46:37","modified_gmt":"2012-03-22T06:46:37","slug":"ulestousmispuhad","status":"publish","type":"page","link":"https:\/\/puiduait.ee\/fi\/ulestousmispuhad\/","title":{"rendered":"P\u00e4\u00e4si\u00e4inen"},"content":{"rendered":"<p><img decoding=\"async\" class=\"size-medium wp-image-1782 alignright\" title=\"Muna (Copy)\" src=\"https:\/\/puiduait.ee\/wp-content\/uploads\/2012\/02\/Muna-Copy-300x200.jpg\" alt=\"\" width=\"240\" height=\"180\" \/>Avinurmen Puuaita tarjoo kev\u00e4isi\u00e4 huvitusmahdollisuuksia ja kutsuu teid\u00e4t osallistumaan P\u00e4\u00e4si\u00e4isajan ty\u00f6pajoissa. Yhdess\u00e4 v\u00e4rj\u00e4t\u00e4\u00e4n puumunia tai askartellaan tekem\u00e4ll\u00e4 p\u00e4reist\u00e4 p\u00e4\u00e4si\u00e4iskortteja. Ty\u00f6pajan j\u00e4lkeen mahdollisuus ruokatarjoiluun lounasp\u00f6yd\u00e4ss\u00e4.<\/p>\n<p>Paketti sis\u00e4lt\u00e4\u00e4:<br \/>\n-Tutustumista puuaitan ja puuk\u00e4sity\u00f6n kanssa<br \/>\n-Ty\u00f6paja<br \/>\n-Lounas<\/p>\n<p>Suosittelemme eniten lapsille (7.v alkaen), sopii my\u00f6s aikuisille.<br \/>\nRyhm\u00e4n koko: eniten 20 henkil\u00f6\u00e4<br \/>\nAika: 26.03-05.04<br \/>\nKesto: 2-3 tuntia<br \/>\nHinta: 10 EUR (henkil\u00f6)<\/p>","protected":false},"excerpt":{"rendered":"<p>Avinurmen Puuaita tarjoo kev\u00e4isi\u00e4 huvitusmahdollisuuksia ja kutsuu teid\u00e4t osallistumaan P\u00e4\u00e4si\u00e4isajan  [&#8230;]<\/p>\n","protected":false},"author":3,"featured_media":0,"parent":0,"menu_order":0,"comment_status":"open","ping_status":"open","template":"","meta":{"om_disable_all_campaigns":false,"_monsterinsights_skip_tracking":false,"_monsterinsights_sitenote_active":false,"_monsterinsights_sitenote_note":"","_monsterinsights_sitenote_category":0,"ngg_post_thumbnail":0,"footnotes":""},"class_list":["post-1847","page","type-page","status-publish","hentry"],"aioseo_notices":[],"_links":{"self":[{"href":"https:\/\/puiduait.ee\/fi\/wp-json\/wp\/v2\/pages\/1847","targetHints":{"allow":["GET"]}}],"collection":[{"href":"https:\/\/puiduait.ee\/fi\/wp-json\/wp\/v2\/pages"}],"about":[{"href":"https:\/\/puiduait.ee\/fi\/wp-json\/wp\/v2\/types\/page"}],"author":[{"embeddable":true,"href":"https:\/\/puiduait.ee\/fi\/wp-json\/wp\/v2\/users\/3"}],"replies":[{"embeddable":true,"href":"https:\/\/puiduait.ee\/fi\/wp-json\/wp\/v2\/comments?post=1847"}],"version-history":[{"count":21,"href":"https:\/\/puiduait.ee\/fi\/wp-json\/wp\/v2\/pages\/1847\/revisions"}],"predecessor-version":[{"id":1882,"href":"https:\/\/puiduait.ee\/fi\/wp-json\/wp\/v2\/pages\/1847\/revisions\/1882"}],"wp:attachment":[{"href":"https:\/\/puiduait.ee\/fi\/wp-json\/wp\/v2\/media?parent=1847"}],"curies":[{"name":"wp","href":"https:\/\/api.w.org\/{rel}","templated":true}]}}