{"id":284,"date":"2011-05-19T06:43:10","date_gmt":"2011-05-19T06:43:10","guid":{"rendered":"http:\/\/puiduait.ee\/?page_id=284"},"modified":"2020-09-10T13:20:39","modified_gmt":"2020-09-10T13:20:39","slug":"avinurme-puit","status":"publish","type":"page","link":"https:\/\/puiduait.ee\/fi\/avinurme-puit\/","title":{"rendered":"Avinurme"},"content":{"rendered":"<p>Sijainnista ja luonnosta johtuen alueella ovat voimakkaat puuk\u00e4sity\u00f6n ja -teollisuuden perinteet. Ne perustuvat&nbsp; p\u00e4tevyyteen, joka on peritty is\u00e4lt\u00e4 pojalle, polvesta polveen.<\/p>\n<p>Ensimm\u00e4inen maininta Avinurmesta&nbsp; on vuodelta 1599.&nbsp; Puuty\u00f6n perinne on ollut alueella t\u00e4rke\u00e4 jo vuosisatoja. Vaikka ensimm\u00e4iset kirjalliset tiedot Avinurmen puuastian teollisuudesta&nbsp; ovat per\u00e4isin 18.luvun puoliv\u00e4list\u00e4, kuitenkaan puutuotannon perinteen todellista alkuaikaa ei tied\u00e4 ilmeisesti kukaan.<\/p>\n<p>Avinurmen puuteollisuus on erilainen my\u00f6s siit\u00e4 syyst\u00e4 johtuen, ett\u00e4 vaikka ajat ovat kokeneet muutoksia, on puuteollisuus my\u00f6s t\u00e4n\u00e4 p\u00e4iv\u00e4n\u00e4 avinurmelaisien keskeisi\u00e4 toimeentulon l\u00e4hteit\u00e4. Avinurmessa on t\u00e4ll\u00e4 hetkell\u00e4 yhteens\u00e4 yli kymmenen puutoimialan j\u00e4rjest\u00f6\u00e4. My\u00f6s paikallisseuratkin ovat aktiivisia puuperinteen s\u00e4ilytt\u00e4misess\u00e4 ja kehitt\u00e4misess\u00e4.<\/p>\n<p><a href=\"http:\/\/www.avinurme.ee\" target=\"_blank\" rel=\"noopener\"><span style=\"text-decoration: underline;\">Avinurmen kotisivu <\/span><\/a><\/p>\n<p>ngg_shortcode_3_placeholder<\/p>","protected":false},"excerpt":{"rendered":"<p>Sijainnista ja luonnosta johtuen alueella ovat voimakkaat puuk\u00e4sity\u00f6n ja -teollisuuden  [&#8230;]<\/p>\n","protected":false},"author":3,"featured_media":0,"parent":0,"menu_order":0,"comment_status":"open","ping_status":"open","template":"","meta":{"om_disable_all_campaigns":false,"_monsterinsights_skip_tracking":false,"_monsterinsights_sitenote_active":false,"_monsterinsights_sitenote_note":"","_monsterinsights_sitenote_category":0,"ngg_post_thumbnail":0,"footnotes":""},"class_list":["post-284","page","type-page","status-publish","hentry"],"aioseo_notices":[],"_links":{"self":[{"href":"https:\/\/puiduait.ee\/fi\/wp-json\/wp\/v2\/pages\/284","targetHints":{"allow":["GET"]}}],"collection":[{"href":"https:\/\/puiduait.ee\/fi\/wp-json\/wp\/v2\/pages"}],"about":[{"href":"https:\/\/puiduait.ee\/fi\/wp-json\/wp\/v2\/types\/page"}],"author":[{"embeddable":true,"href":"https:\/\/puiduait.ee\/fi\/wp-json\/wp\/v2\/users\/3"}],"replies":[{"embeddable":true,"href":"https:\/\/puiduait.ee\/fi\/wp-json\/wp\/v2\/comments?post=284"}],"version-history":[{"count":51,"href":"https:\/\/puiduait.ee\/fi\/wp-json\/wp\/v2\/pages\/284\/revisions"}],"predecessor-version":[{"id":4779,"href":"https:\/\/puiduait.ee\/fi\/wp-json\/wp\/v2\/pages\/284\/revisions\/4779"}],"wp:attachment":[{"href":"https:\/\/puiduait.ee\/fi\/wp-json\/wp\/v2\/media?parent=284"}],"curies":[{"name":"wp","href":"https:\/\/api.w.org\/{rel}","templated":true}]}}