{"id":299,"date":"2011-05-25T10:15:31","date_gmt":"2011-05-25T10:15:31","guid":{"rendered":"http:\/\/puiduait.ee\/?page_id=299"},"modified":"2024-09-18T12:37:45","modified_gmt":"2024-09-18T12:37:45","slug":"avinurme-puiduait","status":"publish","type":"page","link":"https:\/\/puiduait.ee\/fi\/","title":{"rendered":"Avinurmen Puuaitta"},"content":{"rendered":"<p><div class=\"fusion-fullwidth fullwidth-box fusion-builder-row-6 nonhundred-percent-fullwidth non-hundred-percent-height-scrolling\" style=\"--awb-border-radius-top-left:0px;--awb-border-radius-top-right:0px;--awb-border-radius-bottom-right:0px;--awb-border-radius-bottom-left:0px;--awb-background-color:#ffffff;--awb-flex-wrap:wrap;\" ><div class=\"fusion-builder-row fusion-row\"><div class=\"fusion-layout-column fusion_builder_column fusion-builder-column-15 fusion_builder_column_1_1 1_1 fusion-one-full fusion-column-first fusion-column-last\" style=\"--awb-bg-size:cover;\"><div class=\"fusion-column-wrapper fusion-flex-column-wrapper-legacy\"><div class=\"fusion-text fusion-text-14\"><h1 style=\"text-align: center;\">Avinurmen Puuaitta<\/h1>\n<h2 style=\"text-align: center;\">Avinurmen Puuaitta on oikea paikka jokaiselle, kuka pit\u00e4\u00e4 yll\u00e4tyksist\u00e4 ja halua saada uusia ja kiinnostavia el\u00e4myksi\u00e4.<\/h2>\n<\/div><div class=\"fusion-clearfix\"><\/div><\/div><\/div><div class=\"fusion-layout-column fusion_builder_column fusion-builder-column-16 fusion_builder_column_1_2 1_2 fusion-one-half fusion-column-first\" style=\"--awb-bg-size:cover;width:50%;width:calc(50% - ( ( 4% ) * 0.5 ) );margin-right: 4%;\"><div class=\"fusion-column-wrapper fusion-flex-column-wrapper-legacy\"><div class=\"fusion-text fusion-text-15\"><p><a href=\"https:\/\/puiduait.ee\/wp-content\/uploads\/2011\/05\/27072409_1672445486149618_868412082429361387_n.jpg\"><img decoding=\"async\" class=\"alignnone size-full wp-image-3328\" src=\"https:\/\/puiduait.ee\/wp-content\/uploads\/2011\/05\/27072409_1672445486149618_868412082429361387_n.jpg\" alt=\"\" width=\"960\" height=\"640\" srcset=\"https:\/\/puiduait.ee\/wp-content\/uploads\/2011\/05\/27072409_1672445486149618_868412082429361387_n-300x200.jpg 300w, https:\/\/puiduait.ee\/wp-content\/uploads\/2011\/05\/27072409_1672445486149618_868412082429361387_n-768x512.jpg 768w, https:\/\/puiduait.ee\/wp-content\/uploads\/2011\/05\/27072409_1672445486149618_868412082429361387_n.jpg 960w\" sizes=\"(max-width: 960px) 100vw, 960px\" \/><\/a><\/p>\n<\/div><div class=\"fusion-clearfix\"><\/div><\/div><\/div><div class=\"fusion-layout-column fusion_builder_column fusion-builder-column-17 fusion_builder_column_1_2 1_2 fusion-one-half fusion-column-last\" style=\"--awb-bg-size:cover;width:50%;width:calc(50% - ( ( 4% ) * 0.5 ) );\"><div class=\"fusion-column-wrapper fusion-flex-column-wrapper-legacy\"><div class=\"fusion-text fusion-text-16\"><p><span style=\"font-size: 14pt;\"><strong>Avinurmen Puuaitta It\u00e4-Virumaalla on turistikeskus, joka tarjoaa vieraillemme<\/strong><\/span><\/p>\n<ul>\n<li><span style=\"font-size: 14pt;\">mahdollisuuden tutustua paikalliseen puuk\u00e4sity\u00f6h\u00f6n,<\/span><\/li>\n<li><span style=\"font-size: 14pt;\">osallistua puut\u00f6ihin ty\u00f6pajassa sek\u00e4<\/span><\/li>\n<li><span style=\"font-size: 14pt;\">toitlustust kuni 80-liikmelistele gruppidele,<\/span><\/li>\n<li><span style=\"font-size: 14pt;\">maistaa tai itse tehd\u00e4 Eestin kansallisruokia.<\/span><\/li>\n<\/ul>\n<\/div><div class=\"fusion-sep-clear\"><\/div><div class=\"fusion-separator fusion-full-width-sep\" style=\"margin-left: auto;margin-right: auto;margin-bottom:10px;width:100%;\"><\/div><div class=\"fusion-sep-clear\"><\/div><div class=\"fusion-button-wrapper\"><a class=\"fusion-button button-flat fusion-button-default-size button-custom fusion-button-default button-7 fusion-button-default-span fusion-button-default-type\" style=\"--button_accent_color:#ffffff;--button_accent_hover_color:#ffffff;--button_border_hover_color:#ffffff;--button_gradient_top_color:#9e4834;--button_gradient_bottom_color:#9e4834;--button_gradient_top_color_hover:#333333;--button_gradient_bottom_color_hover:#333333;\" target=\"_self\" href=\"https:\/\/puiduait.ee\/opitoad\/\"><span class=\"fusion-button-text awb-button__text awb-button__text--default\">Ty\u00f6pajat<\/span><i class=\" fa fa-chevron-right awb-button__icon awb-button__icon--default button-icon-right\" aria-hidden=\"true\"><\/i><\/a><\/div><div class=\"fusion-sep-clear\"><\/div><div class=\"fusion-separator fusion-full-width-sep\" style=\"margin-left: auto;margin-right: auto;margin-bottom:10px;width:100%;\"><\/div><div class=\"fusion-sep-clear\"><\/div><div class=\"fusion-button-wrapper\"><a class=\"fusion-button button-flat fusion-button-default-size button-custom fusion-button-default button-8 fusion-button-default-span fusion-button-default-type\" style=\"--button_accent_color:#ffffff;--button_accent_hover_color:#ffffff;--button_border_hover_color:#ffffff;--button_gradient_top_color:#9e4834;--button_gradient_bottom_color:#9e4834;--button_gradient_top_color_hover:#333333;--button_gradient_bottom_color_hover:#333333;\" target=\"_self\" href=\"https:\/\/puiduait.ee\/toitlustamine\/\"><span class=\"fusion-button-text awb-button__text awb-button__text--default\">Ruokailu<\/span><i class=\" fa fa-chevron-right awb-button__icon awb-button__icon--default button-icon-right\" aria-hidden=\"true\"><\/i><\/a><\/div><div class=\"fusion-sep-clear\"><\/div><div class=\"fusion-separator fusion-full-width-sep\" style=\"margin-left: auto;margin-right: auto;margin-bottom:10px;width:100%;\"><\/div><div class=\"fusion-sep-clear\"><\/div><div class=\"fusion-button-wrapper\"><a class=\"fusion-button button-flat fusion-button-default-size button-custom fusion-button-default button-9 fusion-button-default-span fusion-button-default-type\" style=\"--button_accent_color:#ffffff;--button_accent_hover_color:#ffffff;--button_border_hover_color:#ffffff;--button_gradient_top_color:#9e4834;--button_gradient_bottom_color:#9e4834;--button_gradient_top_color_hover:#333333;--button_gradient_bottom_color_hover:#333333;\" target=\"_self\" href=\"https:\/\/puiduait.ee\/koolitusruumid\/\"><span class=\"fusion-button-text awb-button__text awb-button__text--default\">Tilaisuudet<\/span><i class=\" fa fa-chevron-right awb-button__icon awb-button__icon--default button-icon-right\" aria-hidden=\"true\"><\/i><\/a><\/div><div class=\"fusion-clearfix\"><\/div><\/div><\/div><\/div><\/div><div class=\"fusion-fullwidth fullwidth-box fusion-builder-row-7 fusion-parallax-fixed nonhundred-percent-fullwidth non-hundred-percent-height-scrolling\" style=\"--awb-background-repeat:repeat;--awb-border-radius-top-left:0px;--awb-border-radius-top-right:0px;--awb-border-radius-bottom-right:0px;--awb-border-radius-bottom-left:0px;--awb-padding-bottom:20px;--awb-background-color:#f2ede1;--awb-background-image:url(&quot;https:\/\/puiduait.ee\/wp-content\/uploads\/2018\/03\/pattern-rukkililled.png&quot;);--awb-flex-wrap:wrap;background-attachment:fixed;\" ><div class=\"fusion-builder-row fusion-row\"><div class=\"fusion-layout-column fusion_builder_column fusion-builder-column-18 fusion_builder_column_1_1 1_1 fusion-one-full fusion-column-first fusion-column-last\" style=\"--awb-bg-size:cover;--awb-margin-bottom:50px;\"><div class=\"fusion-column-wrapper fusion-flex-column-wrapper-legacy\"><div class=\"fusion-section-separator section-separator bigtriangle fusion-section-separator-3\" style=\"--awb-spacer-height:99px;--awb-svg-margin-left:0;--awb-svg-margin-right:0;--awb-divider-height:99px;--awb-spacer-padding-top:inherit;--awb-sep-padding:0;--awb-svg-padding:0;\"><div class=\"fusion-section-separator-svg\"><svg class=\"fusion-big-triangle-candy\" xmlns=\"http:\/\/www.w3.org\/2000\/svg\" version=\"1.1\" width=\"100%\" height=\"100\" viewBox=\"0 0 100 100\" preserveAspectRatio=\"none\" fill=\"rgba(255,255,255,1)\"><path d=\"M-1 -1 L50 99 L101 -1 Z\"><\/path><\/svg><\/div><div class=\"fusion-section-separator-spacer\"><div class=\"fusion-section-separator-spacer-height\"><\/div><\/div><\/div><div class=\"fusion-clearfix\"><\/div><\/div><\/div><div class=\"fusion-layout-column fusion_builder_column fusion-builder-column-19 fusion_builder_column_1_2 1_2 fusion-one-half fusion-column-first\" style=\"--awb-padding-top:20px;--awb-padding-right:20px;--awb-padding-bottom:20px;--awb-padding-left:20px;--awb-bg-color:rgba(255,255,255,0.7);--awb-bg-color-hover:rgba(255,255,255,0.7);--awb-bg-size:cover;width:50%;width:calc(50% - ( ( 4% ) * 0.5 ) );margin-right: 4%;\"><div class=\"fusion-column-wrapper fusion-flex-column-wrapper-legacy\"><div class=\"fusion-text fusion-text-17\"><p><span style=\"font-size: 13pt;\">Avinurmen kunta sijaitsee It\u00e4-Virumaalla. Sijainnista ja luonnosta johtuen alueella ovat voimakkaat puuk\u00e4sity\u00f6n ja -teollisuuden perinteet. Ne perustuvat p\u00e4tevyyteen, joka on peritty is\u00e4lt\u00e4 pojalle, polvesta polveen.<\/span><br \/>\n<span style=\"font-size: 13pt;\"> Sirpa P\u00e4\u00e4kk\u00f6nen \u2013 Avinurmella nikkaroidaan puusta ja p\u00e4reist\u00e4 koreja, kiuluja ja leikkikaluja \u2013 ty\u00f6pajassa matkailijakin saa kokeilla nikkarointia:<\/span><br \/>\n<a href=\"http:\/\/matkaita-viroon.blogspot.com.ee\/2017\/12\/avinurmella-nikkaroidaan-puusta-ja.html\"><span style=\"font-size: 13pt;\">matkaita-viroon.blogspot.com.ee<\/span><\/a><\/p>\n<\/div><div class=\"fusion-clearfix\"><\/div><\/div><\/div><div class=\"fusion-layout-column fusion_builder_column fusion-builder-column-20 fusion_builder_column_1_2 1_2 fusion-one-half fusion-column-last\" style=\"--awb-bg-size:cover;width:50%;width:calc(50% - ( ( 4% ) * 0.5 ) );\"><div class=\"fusion-column-wrapper fusion-flex-column-wrapper-legacy\"><div class=\"fusion-text fusion-text-18\"><p><a href=\"https:\/\/puiduait.ee\/wp-content\/uploads\/2011\/05\/23755755_1599404180120416_147640939107880727_n.jpg\"><img decoding=\"async\" class=\"alignnone wp-image-3215 size-full\" src=\"https:\/\/puiduait.ee\/wp-content\/uploads\/2011\/05\/23755755_1599404180120416_147640939107880727_n.jpg\" alt=\"\" width=\"960\" height=\"640\" srcset=\"https:\/\/puiduait.ee\/wp-content\/uploads\/2011\/05\/23755755_1599404180120416_147640939107880727_n-300x200.jpg 300w, https:\/\/puiduait.ee\/wp-content\/uploads\/2011\/05\/23755755_1599404180120416_147640939107880727_n-768x512.jpg 768w, https:\/\/puiduait.ee\/wp-content\/uploads\/2011\/05\/23755755_1599404180120416_147640939107880727_n.jpg 960w\" sizes=\"(max-width: 960px) 100vw, 960px\" \/><\/a><\/p>\n<\/div><div class=\"fusion-clearfix\"><\/div><\/div><\/div><\/div><\/div><\/p>","protected":false},"excerpt":{"rendered":"","protected":false},"author":3,"featured_media":0,"parent":0,"menu_order":0,"comment_status":"open","ping_status":"open","template":"100-width.php","meta":{"om_disable_all_campaigns":false,"_monsterinsights_skip_tracking":false,"_monsterinsights_sitenote_active":false,"_monsterinsights_sitenote_note":"","_monsterinsights_sitenote_category":0,"ngg_post_thumbnail":0,"footnotes":""},"class_list":["post-299","page","type-page","status-publish","hentry"],"aioseo_notices":[],"_links":{"self":[{"href":"https:\/\/puiduait.ee\/fi\/wp-json\/wp\/v2\/pages\/299","targetHints":{"allow":["GET"]}}],"collection":[{"href":"https:\/\/puiduait.ee\/fi\/wp-json\/wp\/v2\/pages"}],"about":[{"href":"https:\/\/puiduait.ee\/fi\/wp-json\/wp\/v2\/types\/page"}],"author":[{"embeddable":true,"href":"https:\/\/puiduait.ee\/fi\/wp-json\/wp\/v2\/users\/3"}],"replies":[{"embeddable":true,"href":"https:\/\/puiduait.ee\/fi\/wp-json\/wp\/v2\/comments?post=299"}],"version-history":[{"count":316,"href":"https:\/\/puiduait.ee\/fi\/wp-json\/wp\/v2\/pages\/299\/revisions"}],"predecessor-version":[{"id":6081,"href":"https:\/\/puiduait.ee\/fi\/wp-json\/wp\/v2\/pages\/299\/revisions\/6081"}],"wp:attachment":[{"href":"https:\/\/puiduait.ee\/fi\/wp-json\/wp\/v2\/media?parent=299"}],"curies":[{"name":"wp","href":"https:\/\/api.w.org\/{rel}","templated":true}]}}