{"id":3547,"date":"2018-04-03T10:54:28","date_gmt":"2018-04-03T10:54:28","guid":{"rendered":"http:\/\/puiduait.veebispetsid.com\/?page_id=3547"},"modified":"2018-04-03T11:13:46","modified_gmt":"2018-04-03T11:13:46","slug":"tagasiside","status":"publish","type":"page","link":"https:\/\/puiduait.ee\/fi\/tagasiside\/","title":{"rendered":"(Eesti) Tagasiside"},"content":{"rendered":"<p class=\"qtranxs-available-languages-message qtranxs-available-languages-message-fi\">Anteeksi, mutta t\u00e4m\u00e4 kirjoitus on saatavana ainoastaan n\u00e4ill\u00e4 kielill\u00e4: <a href=\"https:\/\/puiduait.ee\/ET\/wp-json\/wp\/v2\/pages\/3547\" class=\"qtranxs-available-language-link qtranxs-available-language-link-ET\" title=\"Eesti\">Eesti<\/a> ja <a href=\"https:\/\/puiduait.ee\/en\/wp-json\/wp\/v2\/pages\/3547\" class=\"qtranxs-available-language-link qtranxs-available-language-link-en\" title=\"English\">English<\/a>.<\/p>","protected":false},"excerpt":{"rendered":"","protected":false},"author":4,"featured_media":0,"parent":0,"menu_order":0,"comment_status":"closed","ping_status":"closed","template":"","meta":{"om_disable_all_campaigns":false,"_monsterinsights_skip_tracking":false,"_monsterinsights_sitenote_active":false,"_monsterinsights_sitenote_note":"","_monsterinsights_sitenote_category":0,"ngg_post_thumbnail":0,"footnotes":""},"class_list":["post-3547","page","type-page","status-publish","hentry"],"aioseo_notices":[],"_links":{"self":[{"href":"https:\/\/puiduait.ee\/fi\/wp-json\/wp\/v2\/pages\/3547","targetHints":{"allow":["GET"]}}],"collection":[{"href":"https:\/\/puiduait.ee\/fi\/wp-json\/wp\/v2\/pages"}],"about":[{"href":"https:\/\/puiduait.ee\/fi\/wp-json\/wp\/v2\/types\/page"}],"author":[{"embeddable":true,"href":"https:\/\/puiduait.ee\/fi\/wp-json\/wp\/v2\/users\/4"}],"replies":[{"embeddable":true,"href":"https:\/\/puiduait.ee\/fi\/wp-json\/wp\/v2\/comments?post=3547"}],"version-history":[{"count":4,"href":"https:\/\/puiduait.ee\/fi\/wp-json\/wp\/v2\/pages\/3547\/revisions"}],"predecessor-version":[{"id":3552,"href":"https:\/\/puiduait.ee\/fi\/wp-json\/wp\/v2\/pages\/3547\/revisions\/3552"}],"wp:attachment":[{"href":"https:\/\/puiduait.ee\/fi\/wp-json\/wp\/v2\/media?parent=3547"}],"curies":[{"name":"wp","href":"https:\/\/api.w.org\/{rel}","templated":true}]}}