{"id":3569,"date":"2018-04-04T06:32:43","date_gmt":"2018-04-04T06:32:43","guid":{"rendered":"http:\/\/puiduait.veebispetsid.com\/?page_id=3569"},"modified":"2026-03-31T13:23:24","modified_gmt":"2026-03-31T13:23:24","slug":"grupimenuud","status":"publish","type":"page","link":"https:\/\/puiduait.ee\/fi\/grupimenuud\/","title":{"rendered":"Ryhm\u00e4menut"},"content":{"rendered":"<p><span style=\"font-size: 18pt;\"><strong><u>Ryhm\u00e4menut 2026.<\/u><\/strong><strong><u> Puisessa kuoressa ruokaisa sis\u00e4lt\u00f6<\/u><\/strong><\/span><\/p>\n<p><span style=\"font-family: georgia, palatino, serif;\"><em><strong>Ryhm\u00e4 v\u00e4hint\u00e4\u00e4n 10 henkil\u00f6\u00e4.&nbsp; Ryhm\u00e4menuun kuuluvat kahvi\/tee ja maustevesi sek\u00e4 kotileip\u00e4<\/strong><\/em><em><strong>.<\/strong><\/em><\/span><\/p>\n<p><span style=\"font-family: georgia, palatino, serif;\"><strong>MENU NRO 1\/ HINTA&nbsp; 17.- HUOM! Puuaittavieraiden suosikki! Paikallisten ruokien maistiaiset.<\/strong><\/span><br \/>\n<span style=\"font-family: georgia, palatino, serif;\">Kappakeitto (lihakeitto vihanneksilla)<\/span><\/p>\n<p><span style=\"font-family: georgia, palatino, serif;\">Puuaitan tuoretta leip\u00e4\u00e4 (kinkku, ruis, korianteri, siemen), maustevoita (valkosipuli, yrtti, muna)<\/span><\/p>\n<p><span style=\"font-family: georgia, palatino, serif;\">J\u00e4lkiruoka valikoimasta:&nbsp;<em>Talon kakku&nbsp;\/Talkkunavaahtoa, paahdettua talon leip\u00e4\u00e4 ja marjoja<\/em><\/span><\/p>\n<p><span style=\"font-family: georgia, palatino, serif;\"><strong>MENU NRO 2 \/&nbsp; 18.-<\/strong><\/span><br \/>\n<span style=\"font-family: georgia, palatino, serif;\">Lihamureke \u201dKalevipoeg\u201d, perunaa, salaattia ja kastiketta<\/span><br \/>\n<span style=\"font-family: georgia, palatino, serif;\">J\u00e4lkiruoka valikoimasta:&nbsp;<em>Talon kakku&nbsp;\/Talkkunavaahtoa, paahdettua talon leip\u00e4\u00e4 ja marjoja<\/em><\/span><\/p>\n<p><span style=\"font-family: georgia, palatino, serif;\"><strong>MENU NRO 3\/&nbsp; 19.- Is\u00e4nn\u00e4n mehil\u00e4isten erikoinen.<\/strong><\/span><\/p>\n<p><span style=\"font-family: georgia, palatino, serif;\">Mehil\u00e4islintu (kanafileet\u00e4 hunajakastikkeessa, Alutagusen metsien puolukoita), yrttiperunaa ja tuoresalaattia<\/span><\/p>\n<p><span style=\"font-family: georgia, palatino, serif;\">J\u00e4lkiruoka valikoimasta:&nbsp;<em>&nbsp;Talon kakku\/Talkkunavaahtoa, paahdettua talon leip\u00e4\u00e4 ja marjoja<\/em><\/span><\/p>\n<p><span style=\"font-family: georgia, palatino, serif;\"><strong>MENU NRO 4\/ HINTA 22.- Peipsij\u00e4rven maut<\/strong><\/span><\/p>\n<p><span style=\"font-family: georgia, palatino, serif;\">Kultainen kuhapaisti (mahdollisuuksien mukaan Peipsin kalasta), tuoresalaattia ja perunaa<\/span><\/p>\n<p><span style=\"font-family: georgia, palatino, serif;\">J\u00e4lkiruoka valikoimasta:&nbsp;<em>Talon kakku&nbsp;\/Talkkunavaahtoa, paahdettua talon leip\u00e4\u00e4 ja marjoja<\/em><\/span><\/p>\n<p><span style=\"font-family: georgia, palatino, serif;\"><strong>&nbsp;<\/strong><\/span><span style=\"font-family: georgia, palatino, serif;\"><strong>MENU NRO 5 \/&nbsp; 17.-<\/strong><\/span><\/p>\n<p><span style=\"font-family: georgia, palatino, serif;\"><strong>VALIKOIMA KASVIROUKAA\/ 15 \u20ac<\/strong><\/span><\/p>\n<p><span style=\"font-family: georgia, palatino, serif;\">Porkkana-kikherneleiv\u00e4t, salaatti, perunat, kotileip\u00e4<\/span><\/p>\n<p><span style=\"font-family: georgia, palatino, serif;\">J\u00e4lkiruoka valikoimasta: talokakku tai kamavaahto<\/span><\/p>\n<p><span style=\"font-family: georgia, palatino, serif;\"><strong>MENU NRO 6 \/&nbsp; 19.- Kirjanpit\u00e4j\u00e4n erikoinen.<\/strong><\/span><br \/>\n<span style=\"font-family: georgia, palatino, serif;\">Porsaanpaisti, perunaa, paistettua kaalia ja l\u00e4mmint\u00e4 kastikkeetta<\/span><\/p>\n<p><span style=\"font-family: georgia, palatino, serif;\">J\u00e4lkiruoka valikoimasta: <em>Talon kakku&nbsp;\/Talkkunavaahtoa, paahdettua talon leip\u00e4\u00e4 ja marjoja<\/em><\/span><\/p>\n<p>&nbsp;<\/p>\n<p><span style=\"font-family: georgia, palatino, serif;\"><strong>J\u00e4lkiruokavalikoima:<\/strong><\/span><\/p>\n<ol>\n<li><strong><span style=\"font-family: georgia, palatino, serif;\">Talon kakku<\/span><\/strong><\/li>\n<li><span style=\"font-family: georgia, palatino, serif;\"><strong>Talkkunavaahtoa<\/strong> paahdetun talon leiv\u00e4n ja marjojen kera (rahkavaahto, talkkuna, mets\u00e4marjahillo)<\/span><\/li>\n<\/ol>\n<p><img decoding=\"async\" class=\"alignnone size-thumbnail wp-image-3733\" src=\"https:\/\/puiduait.ee\/wp-content\/uploads\/2018\/04\/s\u00f6\u00f6k-36-150x150.jpg\" alt=\"\" width=\"150\" height=\"150\" srcset=\"https:\/\/puiduait.ee\/wp-content\/uploads\/2018\/04\/s\u00f6\u00f6k-36-66x66.jpg 66w, https:\/\/puiduait.ee\/wp-content\/uploads\/2018\/04\/s\u00f6\u00f6k-36-150x150.jpg 150w\" sizes=\"(max-width: 150px) 100vw, 150px\" \/>&nbsp; &nbsp; &nbsp;&nbsp;&nbsp;&nbsp;<img decoding=\"async\" class=\"alignnone size-thumbnail wp-image-3723\" src=\"https:\/\/puiduait.ee\/wp-content\/uploads\/2018\/04\/s\u00f6\u00f6k-17-150x150.jpg\" alt=\"\" width=\"150\" height=\"150\" srcset=\"https:\/\/puiduait.ee\/wp-content\/uploads\/2018\/04\/s\u00f6\u00f6k-17-66x66.jpg 66w, https:\/\/puiduait.ee\/wp-content\/uploads\/2018\/04\/s\u00f6\u00f6k-17-150x150.jpg 150w\" sizes=\"(max-width: 150px) 100vw, 150px\" \/>&nbsp; &nbsp; &nbsp; &nbsp;&nbsp;<img decoding=\"async\" class=\"alignnone size-thumbnail wp-image-3732\" src=\"https:\/\/puiduait.ee\/wp-content\/uploads\/2018\/04\/s\u00f6\u00f6k-35-150x150.jpg\" alt=\"\" width=\"150\" height=\"150\" srcset=\"https:\/\/puiduait.ee\/wp-content\/uploads\/2018\/04\/s\u00f6\u00f6k-35-66x66.jpg 66w, https:\/\/puiduait.ee\/wp-content\/uploads\/2018\/04\/s\u00f6\u00f6k-35-150x150.jpg 150w\" sizes=\"(max-width: 150px) 100vw, 150px\" \/>&nbsp; &nbsp; &nbsp; &nbsp; &nbsp;<img decoding=\"async\" class=\"alignnone size-thumbnail wp-image-3709\" src=\"https:\/\/puiduait.ee\/wp-content\/uploads\/2018\/04\/s\u00f6\u00f6k-3-150x150.jpg\" alt=\"\" width=\"150\" height=\"150\" srcset=\"https:\/\/puiduait.ee\/wp-content\/uploads\/2018\/04\/s\u00f6\u00f6k-3-66x66.jpg 66w, https:\/\/puiduait.ee\/wp-content\/uploads\/2018\/04\/s\u00f6\u00f6k-3-150x150.jpg 150w\" sizes=\"(max-width: 150px) 100vw, 150px\" \/><\/p>","protected":false},"excerpt":{"rendered":"<p>Ryhm\u00e4menut 2026. Puisessa kuoressa ruokaisa sis\u00e4lt\u00f6 Ryhm\u00e4 v\u00e4hint\u00e4\u00e4n 10 henkil\u00f6\u00e4.&nbsp;  [&#8230;]<\/p>\n","protected":false},"author":4,"featured_media":0,"parent":0,"menu_order":0,"comment_status":"closed","ping_status":"closed","template":"","meta":{"om_disable_all_campaigns":false,"_monsterinsights_skip_tracking":false,"_monsterinsights_sitenote_active":false,"_monsterinsights_sitenote_note":"","_monsterinsights_sitenote_category":0,"ngg_post_thumbnail":0,"footnotes":""},"class_list":["post-3569","page","type-page","status-publish","hentry"],"aioseo_notices":[],"_links":{"self":[{"href":"https:\/\/puiduait.ee\/fi\/wp-json\/wp\/v2\/pages\/3569","targetHints":{"allow":["GET"]}}],"collection":[{"href":"https:\/\/puiduait.ee\/fi\/wp-json\/wp\/v2\/pages"}],"about":[{"href":"https:\/\/puiduait.ee\/fi\/wp-json\/wp\/v2\/types\/page"}],"author":[{"embeddable":true,"href":"https:\/\/puiduait.ee\/fi\/wp-json\/wp\/v2\/users\/4"}],"replies":[{"embeddable":true,"href":"https:\/\/puiduait.ee\/fi\/wp-json\/wp\/v2\/comments?post=3569"}],"version-history":[{"count":101,"href":"https:\/\/puiduait.ee\/fi\/wp-json\/wp\/v2\/pages\/3569\/revisions"}],"predecessor-version":[{"id":6617,"href":"https:\/\/puiduait.ee\/fi\/wp-json\/wp\/v2\/pages\/3569\/revisions\/6617"}],"wp:attachment":[{"href":"https:\/\/puiduait.ee\/fi\/wp-json\/wp\/v2\/media?parent=3569"}],"curies":[{"name":"wp","href":"https:\/\/api.w.org\/{rel}","templated":true}]}}