{"id":423,"date":"2011-06-27T17:57:22","date_gmt":"2011-06-27T17:57:22","guid":{"rendered":"http:\/\/puiduait.ee\/?page_id=423"},"modified":"2018-04-09T11:25:33","modified_gmt":"2018-04-09T11:25:33","slug":"vaba_aeg","status":"publish","type":"page","link":"https:\/\/puiduait.ee\/fi\/vaba_aeg\/","title":{"rendered":"Vapaa-aika"},"content":{"rendered":"<p>Kuntoilumahdollisuudet<br \/>\nAvinurmen uimalassa on kaksi 16 metrin pituista uimarataa. Uimalassa ovat vierailijan k\u00e4yt\u00f6ss\u00e4 sek\u00e4 suomalainen sauna ett\u00e4 h\u00f6yrysauna. Avinurmessa on mahdollisuus pelata katukoripalloa, rantalentopalloa ja tennist\u00e4.<\/p>\nngg_shortcode_3_placeholder\n<p>&nbsp;<\/p>\n<p>Lapsille l\u00f6ytyy mahdollisuus leikki\u00e4 leikkikentill\u00e4 sek\u00e4 Hostelin ja Puuaitan pihalla. Hostelilta voi vuokrata kuntoilutarvikkeita, kuten potkulautoja, k\u00e4velysauvoja, potkukelkkoja, sek\u00e4 padmintonin ja koripallon varusteita. My\u00f6s kanootteja on k\u00e4ytett\u00e4viss\u00e4.<\/p>\n<p>&nbsp;<\/p>","protected":false},"excerpt":{"rendered":"<p>Kuntoilumahdollisuudet Avinurmen uimalassa on kaksi 16 metrin pituista uimarataa. Uimalassa  [&#8230;]<\/p>\n","protected":false},"author":3,"featured_media":0,"parent":0,"menu_order":0,"comment_status":"open","ping_status":"open","template":"","meta":{"om_disable_all_campaigns":false,"_monsterinsights_skip_tracking":false,"_monsterinsights_sitenote_active":false,"_monsterinsights_sitenote_note":"","_monsterinsights_sitenote_category":0,"ngg_post_thumbnail":0,"footnotes":""},"class_list":["post-423","page","type-page","status-publish","hentry"],"aioseo_notices":[],"_links":{"self":[{"href":"https:\/\/puiduait.ee\/fi\/wp-json\/wp\/v2\/pages\/423","targetHints":{"allow":["GET"]}}],"collection":[{"href":"https:\/\/puiduait.ee\/fi\/wp-json\/wp\/v2\/pages"}],"about":[{"href":"https:\/\/puiduait.ee\/fi\/wp-json\/wp\/v2\/types\/page"}],"author":[{"embeddable":true,"href":"https:\/\/puiduait.ee\/fi\/wp-json\/wp\/v2\/users\/3"}],"replies":[{"embeddable":true,"href":"https:\/\/puiduait.ee\/fi\/wp-json\/wp\/v2\/comments?post=423"}],"version-history":[{"count":39,"href":"https:\/\/puiduait.ee\/fi\/wp-json\/wp\/v2\/pages\/423\/revisions"}],"predecessor-version":[{"id":3645,"href":"https:\/\/puiduait.ee\/fi\/wp-json\/wp\/v2\/pages\/423\/revisions\/3645"}],"wp:attachment":[{"href":"https:\/\/puiduait.ee\/fi\/wp-json\/wp\/v2\/media?parent=423"}],"curies":[{"name":"wp","href":"https:\/\/api.w.org\/{rel}","templated":true}]}}