{"id":648,"date":"2011-07-25T16:51:45","date_gmt":"2011-07-25T16:51:45","guid":{"rendered":"http:\/\/puiduait.ee\/?page_id=648"},"modified":"2025-09-11T13:06:04","modified_gmt":"2025-09-11T13:06:04","slug":"korvipunumine","status":"publish","type":"page","link":"https:\/\/puiduait.ee\/fi\/korvipunumine\/","title":{"rendered":"P\u00e4rekorin punomisen ty\u00f6paja"},"content":{"rendered":"<p>Kesto: 1- 2 tuntia<br \/>\nRyhm\u00e4n m\u00e4\u00e4r\u00e4: 1\u201350 henkil\u00f6a<br \/>\nHinta: 25 \u20ac henkil\u00f6<\/p>\n<p>&nbsp;<\/p>\n<p><img decoding=\"async\" class=\"size-medium wp-image-3104 alignnone\" src=\"https:\/\/puiduait.ee\/wp-content\/uploads\/2011\/07\/aaVirumaaTurism-176-300x200.jpg\" alt=\"\" width=\"300\" height=\"200\" srcset=\"https:\/\/puiduait.ee\/wp-content\/uploads\/2011\/07\/aaVirumaaTurism-176-300x200.jpg 300w, https:\/\/puiduait.ee\/wp-content\/uploads\/2011\/07\/aaVirumaaTurism-176-1024x682.jpg 1024w\" sizes=\"(max-width: 300px) 100vw, 300px\" \/><\/p>\n<p>Osallistujat opiskelevat punomaan p\u00e4rekoria. Ohjaajan avulla k\u00e4yd\u00e4\u00e4n l\u00e4pi koko koripunomisen kurssi alusta loppuun. Kaikki osallistujat saavat ty\u00f6kalut ja kaikki l\u00e4htev\u00e4t kurssilta itsetehdyn korin kanssa.<\/p>\n<p><img decoding=\"async\" class=\"size-medium wp-image-3183 alignleft\" src=\"https:\/\/puiduait.ee\/wp-content\/uploads\/2011\/07\/10526066_721901754537334_6778301260559797276_n-200x300.jpg\" alt=\"\" width=\"200\" height=\"300\" srcset=\"https:\/\/puiduait.ee\/wp-content\/uploads\/2011\/07\/10526066_721901754537334_6778301260559797276_n-200x300.jpg 200w, https:\/\/puiduait.ee\/wp-content\/uploads\/2011\/07\/10526066_721901754537334_6778301260559797276_n.jpg 640w\" sizes=\"(max-width: 200px) 100vw, 200px\" \/><\/p>","protected":false},"excerpt":{"rendered":"<p>Kesto: 1- 2 tuntia Ryhm\u00e4n m\u00e4\u00e4r\u00e4: 1\u201350 henkil\u00f6a Hinta: 25  [&#8230;]<\/p>\n","protected":false},"author":3,"featured_media":0,"parent":0,"menu_order":0,"comment_status":"open","ping_status":"open","template":"","meta":{"om_disable_all_campaigns":false,"_monsterinsights_skip_tracking":false,"_monsterinsights_sitenote_active":false,"_monsterinsights_sitenote_note":"","_monsterinsights_sitenote_category":0,"ngg_post_thumbnail":0,"footnotes":""},"class_list":["post-648","page","type-page","status-publish","hentry"],"aioseo_notices":[],"_links":{"self":[{"href":"https:\/\/puiduait.ee\/fi\/wp-json\/wp\/v2\/pages\/648","targetHints":{"allow":["GET"]}}],"collection":[{"href":"https:\/\/puiduait.ee\/fi\/wp-json\/wp\/v2\/pages"}],"about":[{"href":"https:\/\/puiduait.ee\/fi\/wp-json\/wp\/v2\/types\/page"}],"author":[{"embeddable":true,"href":"https:\/\/puiduait.ee\/fi\/wp-json\/wp\/v2\/users\/3"}],"replies":[{"embeddable":true,"href":"https:\/\/puiduait.ee\/fi\/wp-json\/wp\/v2\/comments?post=648"}],"version-history":[{"count":89,"href":"https:\/\/puiduait.ee\/fi\/wp-json\/wp\/v2\/pages\/648\/revisions"}],"predecessor-version":[{"id":6364,"href":"https:\/\/puiduait.ee\/fi\/wp-json\/wp\/v2\/pages\/648\/revisions\/6364"}],"wp:attachment":[{"href":"https:\/\/puiduait.ee\/fi\/wp-json\/wp\/v2\/media?parent=648"}],"curies":[{"name":"wp","href":"https:\/\/api.w.org\/{rel}","templated":true}]}}