{"id":65,"date":"2011-04-28T18:20:18","date_gmt":"2011-04-28T18:20:18","guid":{"rendered":"http:\/\/www.puiduait.ee\/?page_id=65"},"modified":"2018-04-04T04:51:58","modified_gmt":"2018-04-04T04:51:58","slug":"opitoad-vana","status":"publish","type":"page","link":"https:\/\/puiduait.ee\/fi\/opitoad-vana\/","title":{"rendered":"Ty\u00f6pajat"},"content":{"rendered":"<p>Puuaitta tarjoaa kaikille kiinnostuneille mahdollisuuden kokeilla itse k\u00e4sien taitoja ty\u00f6pajassa osallistumalla seuraaviin aiheisiin. Tarjoamme paketteja my\u00f6s teid\u00e4n toiveittenne mukaisesti (lis\u00e4ksi ruokailu ja\/tai majoitus).<\/p>\n<p><strong>Tilaaminen: info@puiduait.ee +372 52 757 62<\/strong><\/p>\nngg_shortcode_3_placeholder\n<p>&nbsp;<\/p>\n<h2><span style=\"font-size: 18pt;\">1.&nbsp;<\/span><strong>P\u00c4REKORIN PUNOMINEN<\/strong><\/h2>\n<p>Kesto: 1- 2 tuntia<br \/>\nRyhm\u00e4n m\u00e4\u00e4r\u00e4: 1\u201350 henkil\u00f6a<br \/>\n<strong>Hinta: 8 \u20ac henkil\u00f6<\/strong><\/p>\n<p>Osallistujat opiskelevat punomaan p\u00e4rekoria. Ohjaajan avulla k\u00e4yd\u00e4\u00e4n l\u00e4pi koko koripunomisen kurssi alusta loppuun. Kaikki osallistujat saavat ty\u00f6kalut ja kaikki l\u00e4htev\u00e4t kurssilta itsetehdyn korin kanssa.<\/p>\n<h3><img decoding=\"async\" class=\"alignnone wp-image-3099 size-large\" src=\"https:\/\/puiduait.ee\/wp-content\/uploads\/2011\/09\/aaVirumaaTurism-1721-1024x682.jpg\" alt=\"\" width=\"1024\" height=\"682\" srcset=\"https:\/\/puiduait.ee\/wp-content\/uploads\/2011\/09\/aaVirumaaTurism-1721-300x200.jpg 300w, https:\/\/puiduait.ee\/wp-content\/uploads\/2011\/09\/aaVirumaaTurism-1721-1024x682.jpg 1024w\" sizes=\"(max-width: 1024px) 100vw, 1024px\" \/><\/h3>\n<h2><span style=\"font-size: 18pt;\">2.&nbsp;<\/span><strong>P\u00c4REKORIST TY\u00d6PAJA<\/strong><\/h2>\n<p>Kesto: 1 tunti<br \/>\nRyhm\u00e4n koko: 1\u201350 henkil\u00f6a<br \/>\n<strong>Hinta: 5 \u20ac henkil\u00f6<\/strong><\/p>\n<p>Osallistujat opiskelevat ohjaajan avulla tekeem\u00e4\u00e4n p\u00e4reist\u00e4 joulukoristeita, kortteja ett\u00e4 muita koriste-esineit\u00e4.<\/p>\n<p><img decoding=\"async\" class=\"alignnone wp-image-3214 size-full\" src=\"https:\/\/puiduait.ee\/wp-content\/uploads\/2011\/05\/23755324_1599396716787829_4339243872485616369_n.jpg\" alt=\"\" width=\"960\" height=\"640\" srcset=\"https:\/\/puiduait.ee\/wp-content\/uploads\/2011\/05\/23755324_1599396716787829_4339243872485616369_n-300x200.jpg 300w, https:\/\/puiduait.ee\/wp-content\/uploads\/2011\/05\/23755324_1599396716787829_4339243872485616369_n-768x512.jpg 768w, https:\/\/puiduait.ee\/wp-content\/uploads\/2011\/05\/23755324_1599396716787829_4339243872485616369_n.jpg 960w\" sizes=\"(max-width: 960px) 100vw, 960px\" \/><\/p>\n<h2><span style=\"font-size: 18pt;\">3.&nbsp;<\/span><strong>PIKKULEIP\u00c4 TY\u00d6PAJA<\/strong><\/h2>\n<p>Kesto: 1 tunti<br \/>\nRyhm\u00e4n koko: 1\u201350 henkil\u00f6a<br \/>\n<strong>Hinta: 5 \u20ac henkil\u00f6<\/strong><\/p>\n<p>&nbsp;<\/p>\n<div class=\"entry-content\">\n<p><img decoding=\"async\" class=\"alignnone wp-image-3268 size-large\" src=\"https:\/\/puiduait.ee\/wp-content\/uploads\/2011\/04\/28081285_1584708921610862_1802235154_o-1024x768.jpg\" alt=\"\" width=\"1024\" height=\"768\" srcset=\"https:\/\/puiduait.ee\/wp-content\/uploads\/2011\/04\/28081285_1584708921610862_1802235154_o-300x225.jpg 300w, https:\/\/puiduait.ee\/wp-content\/uploads\/2011\/04\/28081285_1584708921610862_1802235154_o-768x576.jpg 768w, https:\/\/puiduait.ee\/wp-content\/uploads\/2011\/04\/28081285_1584708921610862_1802235154_o-1024x768.jpg 1024w\" sizes=\"(max-width: 1024px) 100vw, 1024px\" \/><\/p>\n<\/div>\n<h2><span style=\"font-size: 18pt;\">4.&nbsp;<\/span><b>LEIP\u00c4 SIKA TY\u00d6PAJA<\/b><\/h2>\n<p>Kesto: 1 tunti<br \/>\nRyhm\u00e4n koko: 1\u201320 henkil\u00f6a<br \/>\n<strong>Hinta: 10 \u20ac henkil\u00f6<\/strong><\/p>\n<dl class=\"gallery-item\">\n<dt><\/dt>\n<\/dl>\n<dl class=\"gallery-item\">\n<dt class=\"gallery-icon landscape\"><img decoding=\"async\" class=\"alignnone wp-image-2988 size-large\" src=\"https:\/\/puiduait.ee\/wp-content\/uploads\/2011\/07\/Korvipunumine-Puiduaidas-002-1024x768.jpg\" alt=\"\" width=\"1024\" height=\"768\" srcset=\"https:\/\/puiduait.ee\/wp-content\/uploads\/2011\/07\/Korvipunumine-Puiduaidas-002-300x225.jpg 300w, https:\/\/puiduait.ee\/wp-content\/uploads\/2011\/07\/Korvipunumine-Puiduaidas-002-1024x768.jpg 1024w\" sizes=\"(max-width: 1024px) 100vw, 1024px\" \/><\/dt>\n<\/dl>\n<h2><span style=\"font-size: 18pt;\">5.&nbsp;<\/span><strong>KOTILEIV\u00c4N LEIVONNAN TY\u00d6PAJA<\/strong><\/h2>\n<dl class=\"gallery-item\">\n<dt>Kesto: 2 tuntia<br \/>\nRyhm\u00e4n koko:5- 25 henkil\u00f6\u00e4<br \/>\n<strong>Hinta: 15 \u20ac henkil\u00f6<\/strong><\/dt>\n<dt><\/dt>\n<dt>Leip\u00e4pajassa saa ottaa ensimm\u00e4iset askeleet kotileiv\u00e4n leivonnassa. Puuaitan leipojamestari n\u00e4ytt\u00e4\u00e4, miten seikoitetaan oikein hyv\u00e4 leip\u00e4taikina, mit\u00e4 siihen voisi laittaa sis\u00e4lle, ett\u00e4 maistuisi paremmin ja mik\u00e4 on se salaisuus, joka auttaa leiv\u00e4n kohoamaan niin ett\u00e4 se maistuu herkulliselta. Ty\u00f6pajan lopussa tulee leivinuunista \u201e\u00e4rsytt\u00e4v\u00e4n\u201c herkullista leiv\u00e4ntuoksua. On itsest\u00e4\u00e4n selv\u00e4\u00e4 silloin, ett\u00e4 kukaan ei l\u00e4hde ty\u00f6pajasta tuntematta leiv\u00e4n makua. Jos on kiinnostusta, saa mukaan my\u00f6s leiv\u00e4n hapatteen. Puuaitasta l\u00f6ytyy my\u00f6s sopiva leip\u00e4astia.<\/dt>\n<\/dl>\n<dl class=\"gallery-item\">\n<dt class=\"gallery-icon landscape\"><img decoding=\"async\" class=\"alignnone wp-image-2987 size-large\" src=\"https:\/\/puiduait.ee\/wp-content\/uploads\/2011\/07\/Avinurme-puiduaida-avamine-18.-juuni-2010-087-1024x682.jpg\" alt=\"\" width=\"1024\" height=\"682\" srcset=\"https:\/\/puiduait.ee\/wp-content\/uploads\/2011\/07\/Avinurme-puiduaida-avamine-18.-juuni-2010-087-300x200.jpg 300w, https:\/\/puiduait.ee\/wp-content\/uploads\/2011\/07\/Avinurme-puiduaida-avamine-18.-juuni-2010-087-1024x682.jpg 1024w\" sizes=\"(max-width: 1024px) 100vw, 1024px\" \/><\/dt>\n<\/dl>\n<h2><span style=\"font-size: 18pt;\">6.&nbsp;<\/span><strong>PERHONEN RINTANEULA TY\u00d6PAJA<\/strong><\/h2>\n<p>Kesto: 1 tuntia<br \/>\nRyhm\u00e4n koko:5- 50 henkil\u00f6\u00e4<br \/>\n<strong>Hinta: 5 \u20ac henkil\u00f6<\/strong><\/p>\n<p><img decoding=\"async\" class=\"alignnone wp-image-3250 size-large\" src=\"https:\/\/puiduait.ee\/wp-content\/uploads\/2018\/02\/20161003_190543_preview-1024x768.jpeg\" alt=\"\" width=\"1024\" height=\"768\" srcset=\"https:\/\/puiduait.ee\/wp-content\/uploads\/2018\/02\/20161003_190543_preview-300x225.jpeg 300w, https:\/\/puiduait.ee\/wp-content\/uploads\/2018\/02\/20161003_190543_preview-768x576.jpeg 768w, https:\/\/puiduait.ee\/wp-content\/uploads\/2018\/02\/20161003_190543_preview-1024x768.jpeg 1024w, https:\/\/puiduait.ee\/wp-content\/uploads\/2018\/02\/20161003_190543_preview.jpeg 1280w\" sizes=\"(max-width: 1024px) 100vw, 1024px\" \/><\/p>\n<h2><span style=\"font-size: 18pt;\">7.&nbsp;<\/span><strong>KALOSSIEN MAALAAMINEN TY\u00d6PAJA<\/strong><\/h2>\n<p>Kesto: 2 tuntia<br \/>\nRyhm\u00e4n koko: 5-50 henkil\u00f6\u00e4<br \/>\n<strong>Hinta: 20 \u20ac henkil\u00f6<\/strong><\/p>\n<p>Ty\u00f6paja sopii hyviin kaikille, jotka ovat kiinostuneita k\u00e4sity\u00f6st\u00e4 ja taiteesta. Ainoa edellytys on, ett\u00e4 osallistuja osaa k\u00e4ytt\u00e4\u00e4 pensselia. Osallistujille jaetaan etuk\u00e4teen kalossit, v\u00e4rit, pensselit ja n\u00e4ytekuva ornamentin kanssa. Kurssin loppuessa saa jokainen osallistuja itselle Virossa erinomaiset ja k\u00e4tev\u00e4t itse koristetut jalkineet.<\/p>\n<p><img decoding=\"async\" class=\"size-full wp-image-2349 alignnone\" title=\"Kalossile maalimine #2\" src=\"https:\/\/puiduait.ee\/wp-content\/uploads\/2011\/07\/Kalossile-maalimine-2.jpg\" sizes=\"(max-width: 320px) 100vw, 320px\" srcset=\"https:\/\/puiduait.ee\/wp-content\/uploads\/2011\/07\/Kalossile-maalimine-2.jpg 320w, https:\/\/puiduait.ee\/wp-content\/uploads\/2011\/07\/Kalossile-maalimine-2-300x140.jpg 300w\" alt=\"\" width=\"320\" height=\"150\"><\/p>\n<h2><span style=\"font-size: 18pt;\">8.&nbsp;<\/span><strong>PUULLE MAALAMISEN TY\u00d6PAJA<\/strong><\/h2>\n<p><img decoding=\"async\" class=\"wp-image-2345 size-full alignright\" title=\"Puidule maalimine #1\" src=\"https:\/\/puiduait.ee\/wp-content\/uploads\/2011\/07\/Puidule-maalimine-1.jpg\" alt=\"\" width=\"319\" height=\"150\" srcset=\"https:\/\/puiduait.ee\/wp-content\/uploads\/2011\/07\/Puidule-maalimine-1-300x141.jpg 300w, https:\/\/puiduait.ee\/wp-content\/uploads\/2011\/07\/Puidule-maalimine-1.jpg 319w\" sizes=\"(max-width: 319px) 100vw, 319px\" \/><\/p>\n<p>Kesto: 1\u20132 tuntia<br \/>\nRyhm\u00e4n koko: 5-50 henkil\u00f6\u00e4<br \/>\n<strong>Hinta: 8 \u20ac henkil\u00f6<\/strong><\/p>\n<p>Puuesineelle maalaminen on jotain toisenlaista kuin maalaminen paperille tai kuidulle. Ty\u00f6pajassa saa sen kokeilla ja koristaa korin mielens\u00e4 mukaan. Kaikki osallistujat saavat omat ty\u00f6kalut. Kaikki l\u00e4htev\u00e4t kurssillta itse maalatun esineen kanssa.<\/p>\n<p>&nbsp;<\/p>\n<p><img decoding=\"async\" class=\"aligncenter\" src=\"https:\/\/puiduait.ee\/wp-content\/uploads\/2011\/04\/ehe.bmp\" width=\"158\" height=\"214\"><\/p>","protected":false},"excerpt":{"rendered":"<p>Puuaitta tarjoaa kaikille kiinnostuneille mahdollisuuden kokeilla itse k\u00e4sien taitoja ty\u00f6pajassa  [&#8230;]<\/p>\n","protected":false},"author":3,"featured_media":0,"parent":0,"menu_order":0,"comment_status":"closed","ping_status":"closed","template":"","meta":{"om_disable_all_campaigns":false,"_monsterinsights_skip_tracking":false,"_monsterinsights_sitenote_active":false,"_monsterinsights_sitenote_note":"","_monsterinsights_sitenote_category":0,"ngg_post_thumbnail":0,"footnotes":""},"class_list":["post-65","page","type-page","status-publish","hentry"],"aioseo_notices":[],"_links":{"self":[{"href":"https:\/\/puiduait.ee\/fi\/wp-json\/wp\/v2\/pages\/65","targetHints":{"allow":["GET"]}}],"collection":[{"href":"https:\/\/puiduait.ee\/fi\/wp-json\/wp\/v2\/pages"}],"about":[{"href":"https:\/\/puiduait.ee\/fi\/wp-json\/wp\/v2\/types\/page"}],"author":[{"embeddable":true,"href":"https:\/\/puiduait.ee\/fi\/wp-json\/wp\/v2\/users\/3"}],"replies":[{"embeddable":true,"href":"https:\/\/puiduait.ee\/fi\/wp-json\/wp\/v2\/comments?post=65"}],"version-history":[{"count":168,"href":"https:\/\/puiduait.ee\/fi\/wp-json\/wp\/v2\/pages\/65\/revisions"}],"predecessor-version":[{"id":3531,"href":"https:\/\/puiduait.ee\/fi\/wp-json\/wp\/v2\/pages\/65\/revisions\/3531"}],"wp:attachment":[{"href":"https:\/\/puiduait.ee\/fi\/wp-json\/wp\/v2\/media?parent=65"}],"curies":[{"name":"wp","href":"https:\/\/api.w.org\/{rel}","templated":true}]}}