{"id":670,"date":"2011-07-25T17:15:38","date_gmt":"2011-07-25T17:15:38","guid":{"rendered":"http:\/\/puiduait.ee\/?page_id=670"},"modified":"2015-11-17T08:53:09","modified_gmt":"2015-11-17T08:53:09","slug":"kalosside-maalimise-opituba","status":"publish","type":"page","link":"https:\/\/puiduait.ee\/fi\/kalosside-maalimise-opituba\/","title":{"rendered":"Kalossien maalaaminen Muhun kansallisilla  ornamenteilla"},"content":{"rendered":"<p>Kesto: 2 tuntia<br \/>\nRyhm\u00e4n koko: 5-50 henkil\u00f6\u00e4<br \/>\nHinta: 20 \u20ac henkil\u00f6<\/p>\n<p><img decoding=\"async\" class=\"alignleft size-full wp-image-2349\" title=\"Kalossile maalimine #2\" src=\"https:\/\/puiduait.ee\/wp-content\/uploads\/2011\/07\/Kalossile-maalimine-2.jpg\" alt=\"\" width=\"320\" height=\"150\" srcset=\"https:\/\/puiduait.ee\/wp-content\/uploads\/2011\/07\/Kalossile-maalimine-2-300x140.jpg 300w, https:\/\/puiduait.ee\/wp-content\/uploads\/2011\/07\/Kalossile-maalimine-2.jpg 320w\" sizes=\"(max-width: 320px) 100vw, 320px\" \/><\/p>\n<p>&nbsp;<\/p>\n<p>&nbsp;<\/p>\n<p>&nbsp;<\/p>\n<p>&nbsp;<\/p>\n<p>&nbsp;<\/p>\n<p>Ty\u00f6paja sopii hyviin kaikille, jotka ovat kiinostuneita k\u00e4sity\u00f6st\u00e4 ja taiteesta. Ainoa edellytys on, ett\u00e4 osallistuja osaa k\u00e4ytt\u00e4\u00e4 pensselia. Osallistujille jaetaan etuk\u00e4teen kalossit, v\u00e4rit, pensselit ja n\u00e4ytekuva ornamentin kanssa. Kurssin loppuessa saa jokainen osallistuja itselle Virossa erinomaiset ja k\u00e4tev\u00e4t itse koristetut jalkineet.<\/p>","protected":false},"excerpt":{"rendered":"<p>Kesto: 2 tuntia Ryhm\u00e4n koko: 5-50 henkil\u00f6\u00e4 Hinta: 20 \u20ac  [&#8230;]<\/p>\n","protected":false},"author":3,"featured_media":0,"parent":0,"menu_order":0,"comment_status":"open","ping_status":"open","template":"","meta":{"om_disable_all_campaigns":false,"_monsterinsights_skip_tracking":false,"_monsterinsights_sitenote_active":false,"_monsterinsights_sitenote_note":"","_monsterinsights_sitenote_category":0,"ngg_post_thumbnail":0,"footnotes":""},"class_list":["post-670","page","type-page","status-publish","hentry"],"aioseo_notices":[],"_links":{"self":[{"href":"https:\/\/puiduait.ee\/fi\/wp-json\/wp\/v2\/pages\/670","targetHints":{"allow":["GET"]}}],"collection":[{"href":"https:\/\/puiduait.ee\/fi\/wp-json\/wp\/v2\/pages"}],"about":[{"href":"https:\/\/puiduait.ee\/fi\/wp-json\/wp\/v2\/types\/page"}],"author":[{"embeddable":true,"href":"https:\/\/puiduait.ee\/fi\/wp-json\/wp\/v2\/users\/3"}],"replies":[{"embeddable":true,"href":"https:\/\/puiduait.ee\/fi\/wp-json\/wp\/v2\/comments?post=670"}],"version-history":[{"count":22,"href":"https:\/\/puiduait.ee\/fi\/wp-json\/wp\/v2\/pages\/670\/revisions"}],"predecessor-version":[{"id":3023,"href":"https:\/\/puiduait.ee\/fi\/wp-json\/wp\/v2\/pages\/670\/revisions\/3023"}],"wp:attachment":[{"href":"https:\/\/puiduait.ee\/fi\/wp-json\/wp\/v2\/media?parent=670"}],"curies":[{"name":"wp","href":"https:\/\/api.w.org\/{rel}","templated":true}]}}