{"id":70,"date":"2011-04-28T18:23:21","date_gmt":"2011-04-28T15:23:21","guid":{"rendered":"http:\/\/www.puiduait.ee\/?page_id=70"},"modified":"2025-09-09T10:05:48","modified_gmt":"2025-09-09T10:05:48","slug":"toitlustamine","status":"publish","type":"page","link":"https:\/\/puiduait.ee\/fi\/toitlustamine\/","title":{"rendered":"Ruokailu"},"content":{"rendered":"<p>Puuaitan kahvila tarjoaa ihania herkutteluhetki\u00e4. Tarjoamme herkullisia kakkuja, piirakoita, kotileip\u00e4\u00e4 ja muita herkkuja. Kes\u00e4ll\u00e4 on k\u00e4yt\u00f6ssa terassi kauniilla n\u00e4k\u00f6alalla Avinurmen keskukselle.<\/p>\nngg_shortcode_3_placeholder\n<h2><strong>Kahvitauot<\/strong><\/h2>\n<p>Kahvitauko 1 \u2013 4 \u20ac\/hl\u00f6<br \/>\nSuolaiset ja makeat keksit, kahvi, tee, maustettu vesi<\/p>\n<p>Kahvitauko 2 \u2013 5 \u20ac\/hl\u00f6<br \/>\nSuolainen ja makea leivonnainen, kahvi, tee, maustettu vesi<\/p>\n<p>Kahvitauko 3 \u2013 10 \u20ac\/hl\u00f6<br \/>\nMuhkea lounasleip\u00e4 (kinkulla, juustolla ja tomaatilla t\u00e4ytetty croissant), talkkunavaahtoa marjojen kera, kahvi, tee, maustettu vesi<\/p>\n<p><strong>Aamiaiset (10.00\u201312.00)<\/strong><\/p>\n<p>Aamupala 1 \u2013 5 \u20ac\/hl\u00f6<br \/>\nPuuro, voileip\u00e4, kahvi\/tee, voi\/hillo<\/p>\n<p>Aamupala 2 \u2013 10 \u20ac\/hl\u00f6<br \/>\nPaistettu muna, tuorekurkkua, tomaattia, juustoa, kinkkua, voi, leip\u00e4, maito, tee, kahvi ja vesi<br \/>\n<strong><a href=\"http:\/\/www.toidutee.ee\"><img decoding=\"async\" class=\"alignnone wp-image-4822\" src=\"https:\/\/puiduait.ee\/wp-content\/uploads\/2020\/09\/EST_logo_Eesti_toit-867x1024.png\" alt=\"\" width=\"147\" height=\"173\" srcset=\"https:\/\/puiduait.ee\/wp-content\/uploads\/2020\/09\/EST_logo_Eesti_toit-200x236.png 200w, https:\/\/puiduait.ee\/wp-content\/uploads\/2020\/09\/EST_logo_Eesti_toit-254x300.png 254w, https:\/\/puiduait.ee\/wp-content\/uploads\/2020\/09\/EST_logo_Eesti_toit-400x473.png 400w, https:\/\/puiduait.ee\/wp-content\/uploads\/2020\/09\/EST_logo_Eesti_toit-600x709.png 600w, https:\/\/puiduait.ee\/wp-content\/uploads\/2020\/09\/EST_logo_Eesti_toit-768x907.png 768w, https:\/\/puiduait.ee\/wp-content\/uploads\/2020\/09\/EST_logo_Eesti_toit-800x945.png 800w, https:\/\/puiduait.ee\/wp-content\/uploads\/2020\/09\/EST_logo_Eesti_toit-867x1024.png 867w, https:\/\/puiduait.ee\/wp-content\/uploads\/2020\/09\/EST_logo_Eesti_toit.png 1196w\" sizes=\"(max-width: 147px) 100vw, 147px\" \/><\/a>&nbsp; &nbsp; &nbsp; &nbsp; &nbsp; &nbsp; &nbsp; &nbsp; &nbsp; &nbsp; &nbsp; &nbsp; &nbsp; &nbsp; &nbsp; &nbsp; &nbsp; &nbsp; &nbsp; &nbsp; &nbsp; &nbsp; &nbsp; &nbsp; &nbsp; &nbsp; &nbsp; &nbsp; &nbsp; &nbsp;&nbsp;<a href=\"http:\/\/www.balticseaculinary.com\/\"><img decoding=\"async\" class=\"alignnone wp-image-4821\" src=\"https:\/\/puiduait.ee\/wp-content\/uploads\/2020\/09\/L\u00e4\u00e4nemere-Toidutee.png\" alt=\"\" width=\"210\" height=\"215\" srcset=\"https:\/\/puiduait.ee\/wp-content\/uploads\/2020\/09\/L\u00e4\u00e4nemere-Toidutee-200x205.png 200w, https:\/\/puiduait.ee\/wp-content\/uploads\/2020\/09\/L\u00e4\u00e4nemere-Toidutee-293x300.png 293w, https:\/\/puiduait.ee\/wp-content\/uploads\/2020\/09\/L\u00e4\u00e4nemere-Toidutee.png 344w\" sizes=\"(max-width: 210px) 100vw, 210px\" \/><\/a><\/strong><\/p>","protected":false},"excerpt":{"rendered":"<p>Puuaitan kahvila tarjoaa ihania herkutteluhetki\u00e4. Tarjoamme herkullisia kakkuja, piirakoita, kotileip\u00e4\u00e4  [&#8230;]<\/p>\n","protected":false},"author":3,"featured_media":0,"parent":0,"menu_order":0,"comment_status":"closed","ping_status":"open","template":"","meta":{"om_disable_all_campaigns":false,"_monsterinsights_skip_tracking":false,"_monsterinsights_sitenote_active":false,"_monsterinsights_sitenote_note":"","_monsterinsights_sitenote_category":0,"ngg_post_thumbnail":0,"footnotes":""},"class_list":["post-70","page","type-page","status-publish","hentry"],"aioseo_notices":[],"_links":{"self":[{"href":"https:\/\/puiduait.ee\/fi\/wp-json\/wp\/v2\/pages\/70","targetHints":{"allow":["GET"]}}],"collection":[{"href":"https:\/\/puiduait.ee\/fi\/wp-json\/wp\/v2\/pages"}],"about":[{"href":"https:\/\/puiduait.ee\/fi\/wp-json\/wp\/v2\/types\/page"}],"author":[{"embeddable":true,"href":"https:\/\/puiduait.ee\/fi\/wp-json\/wp\/v2\/users\/3"}],"replies":[{"embeddable":true,"href":"https:\/\/puiduait.ee\/fi\/wp-json\/wp\/v2\/comments?post=70"}],"version-history":[{"count":216,"href":"https:\/\/puiduait.ee\/fi\/wp-json\/wp\/v2\/pages\/70\/revisions"}],"predecessor-version":[{"id":6360,"href":"https:\/\/puiduait.ee\/fi\/wp-json\/wp\/v2\/pages\/70\/revisions\/6360"}],"wp:attachment":[{"href":"https:\/\/puiduait.ee\/fi\/wp-json\/wp\/v2\/media?parent=70"}],"curies":[{"name":"wp","href":"https:\/\/api.w.org\/{rel}","templated":true}]}}