{"id":74,"date":"2011-04-28T18:26:10","date_gmt":"2011-04-28T15:26:10","guid":{"rendered":"http:\/\/www.puiduait.ee\/?page_id=74"},"modified":"2023-11-07T13:11:02","modified_gmt":"2023-11-07T13:11:02","slug":"koolitusruumid","status":"publish","type":"page","link":"https:\/\/puiduait.ee\/fi\/koolitusruumid\/","title":{"rendered":"Tilaisuudet"},"content":{"rendered":"<p>Puuaitan tiloissa on mahdollisuus j\u00e4rjest\u00e4\u00e4 koulutustilaisuuksia, seminaareja ja syntym\u00e4p\u00e4ivi\u00e4 tai konserttej\u00e4. Paikalla on tarpeellinen esittely- ett\u00e4 konferenssitekniikka. Talossa on my\u00f6s WIFI-yhteys.<br \/>\nKaikkiin tilaisuuksin on mahdollista tilata ruokapalvelu.<\/p>\nngg_shortcode_3_placeholder\n<h2>ISO SALI<\/h2>\n<p>Sali sopii hyvin koulutuksien ja seminaarien tarpeisiin.<br \/>\nPaikalla on tarpeellinen esittely- ett\u00e4 konferenssitekniikka: valkokangas, projektori, tietokone, CD-soitin, paperitaulu.<\/p>\n<p>Saliin mahtuu 70 henkil\u00f6\u00e4<br \/>\nSalin laajuus on 103 m2<br \/>\nHinta: 20 \u20ac tunti tai 100 \u20ac p\u00e4iv\u00e4.<\/p>\n<h2>LEIVINTUPA<\/h2>\n<p>Leivintuvassa on mahdollista tehd\u00e4 ty\u00f6pajat ja erilaisia ruoanvalmisteluja. Leivinuunissa voi tehd\u00e4 erilaisia leivonnaisia ja kokeilla leiv\u00e4n leipomista.<\/p>\n<p>Leivintupaan mahtuu 20 henkil\u00f6\u00e4.<br \/>\nTuvan laajuus on 35,7 m2.<br \/>\nHinta: 10 \u20ac tunti tai 50 \u20ac p\u00e4iv\u00e4.<\/p>\n<h2>PUUTUPA<\/h2>\n<p>Puutuvassa on mahdollista j\u00e4rjest\u00e4\u00e4 erilaisia askartelukursseja.<\/p>\n<p>Puutupaan mahtuu 20 henkil\u00f6\u00e4.<br \/>\nTuvan laajuus on 28,7 m2.<br \/>\nHinta: 10 \u20ac tunti tai 50 \u20ac p\u00e4iv\u00e4.<\/p>\n<h2>KAHVILA<\/h2>\n<p>Mahtuu 20 henkil\u00f6\u00e4.<br \/>\nHinta: 10 \u20ac tunti tai 50 \u20ac p\u00e4iv\u00e4.<\/p>","protected":false},"excerpt":{"rendered":"<p>Puuaitan tiloissa on mahdollisuus j\u00e4rjest\u00e4\u00e4 koulutustilaisuuksia, seminaareja ja syntym\u00e4p\u00e4ivi\u00e4 tai  [&#8230;]<\/p>\n","protected":false},"author":3,"featured_media":0,"parent":0,"menu_order":0,"comment_status":"closed","ping_status":"open","template":"","meta":{"om_disable_all_campaigns":false,"_monsterinsights_skip_tracking":false,"_monsterinsights_sitenote_active":false,"_monsterinsights_sitenote_note":"","_monsterinsights_sitenote_category":0,"ngg_post_thumbnail":0,"footnotes":""},"class_list":["post-74","page","type-page","status-publish","hentry"],"aioseo_notices":[],"_links":{"self":[{"href":"https:\/\/puiduait.ee\/fi\/wp-json\/wp\/v2\/pages\/74","targetHints":{"allow":["GET"]}}],"collection":[{"href":"https:\/\/puiduait.ee\/fi\/wp-json\/wp\/v2\/pages"}],"about":[{"href":"https:\/\/puiduait.ee\/fi\/wp-json\/wp\/v2\/types\/page"}],"author":[{"embeddable":true,"href":"https:\/\/puiduait.ee\/fi\/wp-json\/wp\/v2\/users\/3"}],"replies":[{"embeddable":true,"href":"https:\/\/puiduait.ee\/fi\/wp-json\/wp\/v2\/comments?post=74"}],"version-history":[{"count":88,"href":"https:\/\/puiduait.ee\/fi\/wp-json\/wp\/v2\/pages\/74\/revisions"}],"predecessor-version":[{"id":5880,"href":"https:\/\/puiduait.ee\/fi\/wp-json\/wp\/v2\/pages\/74\/revisions\/5880"}],"wp:attachment":[{"href":"https:\/\/puiduait.ee\/fi\/wp-json\/wp\/v2\/media?parent=74"}],"curies":[{"name":"wp","href":"https:\/\/api.w.org\/{rel}","templated":true}]}}